{"id":48,"date":"2023-08-09T10:25:10","date_gmt":"2023-08-09T10:25:10","guid":{"rendered":"https:\/\/ictommasoaversa.edu.it\/?page_id=48"},"modified":"2024-02-06T11:42:15","modified_gmt":"2024-02-06T11:42:15","slug":"privacy-policy","status":"publish","type":"page","link":"https:\/\/ictommasoaversa.edu.it\/?page_id=48","title":{"rendered":"Privacy policy"},"content":{"rendered":"<h5>L\u2019Istituto Comprensivo Statale \u201cTommaso Aversa\u201d di Mistretta, nella qualit\u00e0 di Titolare del trattamento dei Suoi dati personali, ai sensi e per gli effetti del Regolamento Europeo 2016\/679 di seguito GDPR con la presente La informa che la citata normativa prevede la tutela delle persone e di altri soggetti rispetto al trattamento dei dati personali e che tale trattamento sar\u00e0 improntato ai principi di correttezza, liceit\u00e0, trasparenza e di tutela della Sua riservatezza e dei Suoi diritti.<\/h5>\n<h5><strong>\u00a0<\/strong><\/h5>\n<h5><u>Finalit\u00e0 del trattamento <\/u><\/h5>\n<h5>I Suoi dati personali, inerenti e connessi al Suo rapporto con il nostro Istituto, verranno trattati in accordo alle disposizioni legislative della normativa sopra richiamata e degli obblighi di riservatezza ivi previsti. Altres\u00ec a seguito di suo esplicito consenso, sar\u00e0 possibile inviarLe comunicazioni in riferimento ai servizi offerti dal Titolare e\/o a comunicazioni di carattere didattico.\u00a0Si specifica che non vengono usati cookie con scopo di profilazione, n\u00e9 di prima n\u00e9 di terze parti, ma solo cookie tecnici, funzionali, e analitici anonimizzati con lo scopo di migliorare la qualit\u00e0 della navigazione dell\u2019utente all\u2019interno del sito in questione. Tuttavia, \u00e8 possibile, da parte dell\u2019utente procedere con la registrazione al sito o alla richiesta di informazioni senza effettuare la suddetta registrazione. Queste operazioni comportano da parte dell\u2019Istituto l\u2019acquisizione di dati personali, quali l\u2019indirizzo, l\u2019e-mail o numerazione telefonica, necessarie per adempiere alle richieste degli utenti.\u00a0In caso di registrazione i dati saranno utilizzati al solo fine di dar seguito alla richiesta dell\u2019utente; adempimento di obblighi previsti dalle leggi vigenti e potranno essere comunicati a terzi solo nel caso in cui ci\u00f2 sia necessario a tal fine. Pertanto le finalit\u00e0 del trattamento dei dati personali sono le seguenti:<\/h5>\n<h5>\u2013 attivit\u00e0 di marketing attraverso l\u2019invio, anche via mail, di materiale promozionale e di informazioni relative all\u2019attivit\u00e0 e ai servizi forniti dall\u2019Istituto;<\/h5>\n<h5>\u2013 invio di materiale informativo anche attraverso la newsletter e le circolari;<\/h5>\n<h5>\u2013 invito e partecipazione a corsi , eventi, manifestazioni, ecc.<\/h5>\n<h5><strong>\u00a0<\/strong><\/h5>\n<h5><u>Modalit\u00e0 di trattamento <\/u><\/h5>\n<h5>Il trattamento sar\u00e0 effettuato con sistemi manuali e automatizzati su supporto magnetico, elettronico e telematico, atti a memorizzare, gestire e trasmettere i dati stessi, con logiche strettamente correlate alle finalit\u00e0 stesse, sulla base dei dati in nostro possesso e con impegno da parte Vostra\/Sua di comunicarci tempestivamente eventuali correzioni, variazioni, integrazioni e\/o aggiornamenti. Per il trattamento di dati raccolti in funzione dell\u2019iscrizione alla newsletter occorre il Suo consenso poich\u00e9 i Suoi dati di contatto (e-mail e recapito telefonico) potranno essere usati per attivit\u00e0 di marketing diretto, quali l\u2019invio \u2013 tramite e-mail di materiale pubblicitario e di comunicazioni aventi contenuto informativo e\/o promozionale in relazione a servizi forniti e\/o promossi dal Titolare.\u00a0Il trattamento dei dati avverr\u00e0, da parte di personale incaricato e istruito dal Titolare con procedure, strumenti tecnici e informatici idonei a tutelare la riservatezza e la sicurezza dei Suoi dati e consiste nella loro raccolta, registrazione, organizzazione, conservazione, consultazione, elaborazione, modificazione, selezione, estrazione, raffronto, utilizzo, interconnessione, blocco, comunicazione, cancellazione, distruzione degli stessi comprese la combinazione di due o pi\u00f9 delle attivit\u00e0 suddette.<\/h5>\n<h5><\/h5>\n<h5><u>Comunicazione e diffusione<\/u><\/h5>\n<h5>I dati personali saranno oggetto di comunicazione ai soggetti autorizzati dall\u2019Istituto per poter rispondere alle richieste informative, ovvero potranno essere comunicati agli Enti ed Istituti per l\u2019espletamento degli obblighi di legge o all\u2019autorit\u00e0 giudiziale, ove vi fosse richiesta. I predetti soggetti hanno accesso solo ai dati personali strettamente necessari per svolgere i propri compiti. Il Titolare sottolinea il divieto di utilizzo da parte degli stessi per scopi diversi nonch\u00e9 l\u2019obbligo di trattamento in conformit\u00e0 alla presente Informativa e la normativa vigente.\u00a0Ferme restando le comunicazioni e le diffusioni effettuate in esecuzione di obblighi di legge, i dati potranno essere comunicati e\/o diffusi, in Italia e\/o in Paesi membri della comunit\u00e0 europea a:<\/h5>\n<h5>\u2013 Altri istituti scolastici, MIUR<\/h5>\n<h5>\u2013 Societ\u00e0 di servizi informatici (funzionamento del sito)<\/h5>\n<h5>\u2013 Altri soggetti (es. societ\u00e0 che svolgono statistiche e ricerche di mercato)<\/h5>\n<h5>Nell\u2019ambito della sua attivit\u00e0 e per le sue finalit\u00e0 sopra indicate l\u2019Istituto Comprensivo Statale \u201cTommaso Aversa\u201d potr\u00e0 avvalersi di servizi resi da soggetti terzi che operano per conto dell\u2019Istituto e secondo le sue istruzioni, quali responsabili del trattamento. L\u2019interessato potr\u00e0 richiedere un elenco completo e aggiornato dei soggetti nominati responsabili del trattamento rivolgendosi ad uno dei contatti sotto indicati. I suoi dati non saranno diffusi.<\/h5>\n<h5><strong>\u00a0<\/strong><\/h5>\n<h5><u>Trasferimento dati<\/u><\/h5>\n<h5>I dati personali sono conservati su server ubicati presso la sede legale del Titolare del Trattamento all\u2019interno dell\u2019Unione Europea. Resta in ogni caso inteso che il Titolare, ove si rendesse necessario, avr\u00e0 facolt\u00e0 di spostare i server anche extra-UE. In tal caso, il Titolare assicura sin d\u2019ora che il trasferimento dei dati extra-UE avverr\u00e0 in conformit\u00e0 alle disposizioni di legge applicabili, previa stipula delle clausole contrattuali standard previste dalla Commissione Europea.<\/h5>\n<h5><strong>\u00a0<\/strong><\/h5>\n<h5><u>Durata della conservazione dei dati<\/u><\/h5>\n<h5>Le informazioni e i dati personali dei visitatori\/utenti raccolti da questo sito, ivi inclusi i dati liberamente forniti al fine di ottenere l\u2019invio di materiale informativo o di altre comunicazioni compilando gli appositi form presenti sul sito, saranno conservati al solo fine di fornire il servizio richiesto e per la durata necessaria al medesimo fine. Una volta completato il servizio, tutti i dati personali saranno distrutti in aderenza alla presente Informativa, salvo diversa richiesta dell\u2019autorit\u00e0, esigenze di conservazione stabilite dalla legge, oppure salvo diverse indicazioni fornite in sezioni particolari del sito web. I dati verranno conservati secondo le indicazioni delle regole tecniche in materia di conservazione digitale degli atti, definite da AGID e nei tempi e nei modi indicati dalle Linee Guida per le Istituzioni Scolastiche.\u00a0Nel caso di richiesta di cancellazione dei suoi dati, La informiamo che potrebbe non essere pi\u00f9 possibile continuare a fornirLe il servizio richiestoci.<\/h5>\n<h5><\/h5>\n<h5><u>Dati particolari <\/u><\/h5>\n<h5>Attraverso il presente sito web, l\u2019Istituto comprensivo \u201cTommaso Aversa\u201d non raccoglie deliberatamente categorie particolari di dati, definiti nell\u2019art. 9 del Regolamento UE 2016\/679 come quei dati che rivelino l\u2019origine razziale o etnica, le opinioni politiche, le convinzioni religiose o filosofiche, o l\u2019appartenenza sindacale, nonch\u00e9 dati genetici, dati biometrici intesi a identificare in modo univoco una persona fisica, dati relativi alla salute o alla vita sessuale o all\u2019orientamento sessuale della persona. Si raccomanda di non fornire tali informazioni attraverso il presente sito. Nel caso in cui la comunicazione si renda necessaria (ad esempio: per esonero della religione, cattolica, iscrizione a scuola, etc\u2026), si invita a trasmettere alla sede legale del Titolare a mezzo lettera raccomandata un\u2019apposita dichiarazione contenente il consenso in forma scritta al trattamento delle relative informazioni.<\/h5>\n<h5><\/h5>\n<h5><u>Diritti dell\u2019interessato artt.15-21 e 77 del Reg. Ue 2016\/679 <\/u><\/h5>\n<h5>L\u2019interessato pu\u00f2 esplicare i propri diritti di seguito elencati in qualunque momento scrivendo ai contatti forniti nella presente informativa.<\/h5>\n<h5><em>Art. 15 Diritto di accesso<\/em> dell\u2019interessato: l\u2019interessato ha diritto di ottenere la conferma che sia o meno in corso un trattamento di dati personali che lo riguardano in tal caso, di ottenere l\u2019accesso ai dati personali e alle informazioni connesse (categorie di dati, finalit\u00e0, eventuali destinatari, il periodo o il criterio di conservazione\u2026)<\/h5>\n<h5><em>Art.16 Diritto di rettifica<\/em>: l\u2019interessato ha il diritto di ottenere dal titolare del trattamento la rettifica dei dati personali inesatti che lo riguardano senza ingiustificato ritardo. Tenuto conto delle finalit\u00e0 del trattamento, l\u2019interessato ha il diritto di ottenere l\u2019integrazione dei dati personali incompleti, anche fornendo una dichiarazione integrativa.<\/h5>\n<h5><em>Art. 17 Diritto alla cancellazione<\/em> (&lt;&lt;diritto all\u2019oblio&gt;&gt;): l\u2019interessato ha il diritto di ottenere dal titolare del trattamento la cancellazione dei dati personali che lo riguardano senza ingiustificato ritardo e il titolare del trattamento ha l\u2019obbligo di cancellare senza ingiustificato ritardo i dati personali, se sussiste uno dei motivi di cui all\u2019art. 17 par.1 lett. a,b,c,d,e,f, par.2, par. 3 lett. a,b,c,d,e.<\/h5>\n<h5><em>Art.18. Diritto di limitazione di trattamento<\/em>: L\u2019interessato ha il diritto di ottenere dal titolare del trattamento la limitazione del trattamento quando ricorre una delle ipotesi di cui all\u2019art.18 par. 1 lett. a,b,c,d, par. 2, par.3.<\/h5>\n<h5><em>Art. 19 Obbligo di notifica in caso di rettifica o cancellazione dei dati personali o limitazione del trattamento<\/em>: Il titolare del trattamento comunica a ciascuno dei destinatari cui sono stati trasmessi i dati personali le eventuali rettifiche o cancellazioni o limitazioni del trattamento effettuate a norma dell\u2019art.16, dell\u2019art. 17, par.1, e dell\u2019art.18, salvo che ci\u00f2 si riveli impossibile o implichi uno sforzo sproporzionato. Il titolare del trattamento comunica all\u2019interessato tali destinatari qualora l\u2019interessato lo richieda.<\/h5>\n<h5><em>Art.20 Diritto alla portabilit\u00e0 dei dati<\/em>: l\u2019interessato ha il diritto di ricevere in un formato strutturato, di uso comune e leggibile da dispositivo automatico i dati personali che lo riguardano forniti a un titolare del trattamento e ha il diritto di trasmettere tali dati a un altro titolare del trattamento senza\u00a0impedimenti da parte del titolar del trattamento cui li ha forniti qualora si presentino i casi di cui all\u2019art.20 par.1 lett. a, b,, par.2 ,3,4.<\/h5>\n<h5><em>Art.21 Diritto di opposizione. <\/em>L\u2019interessato ha il diritto di opporsi in qualsiasi momento, per motivi connessi alla sua situazione particolare, al trattamento dei dati personali che lo riguardano ai sensi dell\u2019articolo 6, par. 1, lett. e o f, compresa la profilazione sulla base di tali disposizioni. Qualora i dati personali siano trattati per finalit\u00e0 di marketing diretto, l\u2019interessato ha il diritto di opporsi in qualsiasi momento al trattamento dei dati personali che lo riguardano effettuato per tali finalit\u00e0, compresa la profilazione nella misura in cui sia connessa a tale marketing diretto. Qualora l\u2019interessato si opponga al trattamento per finalit\u00e0 di marketing diretto, i dati personali non sono pi\u00f9 oggetto di trattamento per tali finalit\u00e0.<\/h5>\n<h5><em>Art 77 Diritto di proporre reclamo<\/em>\u2028 L\u2019interessato, qualora ritenga che i propri diritti siano stati compromessi, ha diritto di proporre reclamo all\u2019Autorit\u00e0 Garante per la protezione dei dati personali, secondo le modalit\u00e0 indicate dalla stessa Autorit\u00e0 al seguente indirizzo internet: www.garanteprivacy.it\/web\/guest\/home\/docweb\/-\/docweb- display\/docweb\/4535524.<\/h5>\n<h5>L\u2019Istituto pu\u00f2 modificare o semplicemente aggiornare, in tutto o in parte la presente Privacy Policy. Qualsiasi modifica o aggiornamento alla Informativa Privacy sar\u00e0 disponibile per tutti gli utenti nella sezione Privacy del sito appena gli aggiornamenti saranno attivi e saranno vincolanti non appena pubblicati sul sito in questa sezione. Qualora l\u2019Utente non intenda accettare tali modifiche, potr\u00e0 interrompere l\u2019utilizzo del nostro sito. L\u2019uso continuato del nostro sito web a seguito della pubblicazione delle suddette modifiche e\/o aggiornamenti equivarr\u00e0 ad accettazione delle modifiche ed al riconoscimento del carattere vincolante dei nuovi termini e condizioni.<\/h5>\n<h5><u>Dati di navigazione <\/u><\/h5>\n<h5>I sistemi informatici e le procedure software preposte al funzionamento di questo sito Web acquisiscono, nel corso del loro normale esercizio, alcuni dati personali la cui trasmissione \u00e8 implicita nell\u2019uso dei protocolli di comunicazione di Internet. Si tratta di informazioni che non sono raccolte per essere associate a interessati identificati, ma che, per loro stessa natura, potrebbero, attraverso elaborazioni ed associazioni con dati detenuti da terzi, permettere di identificare gli utenti. In questa categoria di dati rientrano gli indirizzi IP o i nomi a dominio dei computer utilizzati dagli utenti che si connettono al sito, gli indirizzi in notazione URI (Uniform Resource Identifier) delle risorse richieste, l\u2019orario della richiesta, il metodo utilizzato nel sottoporre la richiesta al server, la dimensione del file ottenuto in risposta, il codice numerico indicante lo stato della risposta data dal server (buon fine, errore, ecc.) ed altri parametri relativi al sistema operativo e all\u2019ambiente informatico dell\u2019utente. Questi dati vengono utilizzati al fine di consentire l\u2019accesso e la navigazione del sito, di ricavare informazioni statistiche anonime sull\u2019uso del sito, per controllarne il corretto funzionamento dello stesso, e vengono trattati per il tempo strettamente necessario al soddisfacimento delle finalit\u00e0, che nella fattispecie dei visitatori del sito \u00e8 di 1 anno. I dati potrebbero essere utilizzati per l\u2019accertamento di responsabilit\u00e0 in caso di ipotetici reati informatici ai danni del sito o di illeciti commessi durante la navigazione. I dati trattati dall\u2019Istituto sono protetti da adeguate misure di sicurezza come previsto dalla normativa vigente.<\/h5>\n<h5><strong>\u00a0<\/strong><\/h5>\n<h5><u>Titolare e Responsabile del trattamento dati (DPO) <\/u><\/h5>\n<h5>Titolare del Trattamento dei dati personali \u00e8 la scuola stessa, che ha personalit\u00e0 giuridica autonoma ed \u00e8 legalmente rappresentata dal dirigente scolastico prof.ssa Maria Grazia Antinoro.<\/h5>\n<h5>Il Responsabile della Protezione dei dati \u00e8 ________________________________________________________________________________________________<\/h5>\n<h5>La persona, referente interno per il trattamento, cui potrete rivolgervi per far valere i diritti sotto riportati \u00e8 la dott.ssa _____________________, Direttore SS.GG.AA.<\/h5>\n<h5>Le ricordiamo, inoltre, che in ogni momento potr\u00e0 esercitare i Suoi diritti nei confronti del Titolare del trattamento.<\/h5>\n<h5>Le richieste vanno rivolte a: Istituto Comprensivo \u201cTommaso Aversa\u201d, Piazza Vittorio Veneto, 6 &#8211; Centralino: 0921381041 Email: meic84600d@istruzione.it Posta elettronica certificata (PEC): meic84600d@pec.istruzione.it<\/h5>\n","protected":false},"excerpt":{"rendered":"<p>L\u2019Istituto Comprensivo Statale \u201cTommaso Aversa\u201d di Mistretta, nella qualit\u00e0 di Titolare del trattamento dei Suoi dati personali, ai sensi e per gli effetti del Regolamento Europeo 2016\/679 di seguito GDPR con la presente La informa che [&hellip;]<\/p>\n","protected":false},"author":1,"featured_media":0,"parent":0,"menu_order":0,"comment_status":"closed","ping_status":"closed","template":"","meta":{"footnotes":""},"tags":[],"class_list":["post-48","page","type-page","status-publish","hentry"],"_links":{"self":[{"href":"https:\/\/ictommasoaversa.edu.it\/index.php?rest_route=\/wp\/v2\/pages\/48","targetHints":{"allow":["GET"]}}],"collection":[{"href":"https:\/\/ictommasoaversa.edu.it\/index.php?rest_route=\/wp\/v2\/pages"}],"about":[{"href":"https:\/\/ictommasoaversa.edu.it\/index.php?rest_route=\/wp\/v2\/types\/page"}],"author":[{"embeddable":true,"href":"https:\/\/ictommasoaversa.edu.it\/index.php?rest_route=\/wp\/v2\/users\/1"}],"replies":[{"embeddable":true,"href":"https:\/\/ictommasoaversa.edu.it\/index.php?rest_route=%2Fwp%2Fv2%2Fcomments&post=48"}],"version-history":[{"count":3,"href":"https:\/\/ictommasoaversa.edu.it\/index.php?rest_route=\/wp\/v2\/pages\/48\/revisions"}],"predecessor-version":[{"id":789,"href":"https:\/\/ictommasoaversa.edu.it\/index.php?rest_route=\/wp\/v2\/pages\/48\/revisions\/789"}],"wp:attachment":[{"href":"https:\/\/ictommasoaversa.edu.it\/index.php?rest_route=%2Fwp%2Fv2%2Fmedia&parent=48"}],"wp:term":[{"taxonomy":"post_tag","embeddable":true,"href":"https:\/\/ictommasoaversa.edu.it\/index.php?rest_route=%2Fwp%2Fv2%2Ftags&post=48"}],"curies":[{"name":"wp","href":"https:\/\/api.w.org\/{rel}","templated":true}]}}